{"id":97,"date":"2024-04-04T08:19:08","date_gmt":"2024-04-04T08:19:08","guid":{"rendered":"https:\/\/xn--profesjonalne-sprztanie-zvc.pl\/?page_id=97"},"modified":"2024-05-16T09:45:49","modified_gmt":"2024-05-16T09:45:49","slug":"impressum","status":"publish","type":"page","link":"https:\/\/xn--profesjonalne-sprztanie-zvc.pl\/index.php\/impressum\/","title":{"rendered":"Znak firmowy"},"content":{"rendered":"\t\t\t<!-- Flexy Breadcrumb -->\r\n\t\t\t<div class=\"fbc fbc-page\">\r\n\r\n\t\t\t\t<!-- Breadcrumb wrapper -->\r\n\t\t\t\t<div class=\"fbc-wrap\">\r\n\r\n\t\t\t\t\t<!-- Ordered list-->\r\n\t\t\t\t\t<ol class=\"fbc-items\" itemscope itemtype=\"https:\/\/schema.org\/BreadcrumbList\">\r\n\t\t\t\t\t\t            <li itemprop=\"itemListElement\" itemscope itemtype=\"https:\/\/schema.org\/ListItem\">\r\n                <span itemprop=\"name\">\r\n                    <!-- Home Link -->\r\n                    <a itemprop=\"item\" href=\"https:\/\/xn--profesjonalne-sprztanie-zvc.pl\">\r\n                    \r\n                                                    <i class=\"fa fa-home\" aria-hidden=\"true\"><\/i>Strona g\u0142\u00f3wna                    <\/a>\r\n                <\/span>\r\n                <meta itemprop=\"position\" content=\"1\" \/><!-- Meta Position-->\r\n             <\/li><li><span class=\"fbc-separator\">\/<\/span><\/li><li class=\"active\" itemprop=\"itemListElement\" itemscope itemtype=\"https:\/\/schema.org\/ListItem\"><span itemprop=\"name\" title=\"Znak firmowy\">Znak firmowy<\/span><meta itemprop=\"position\" content=\"2\" \/><\/li>\t\t\t\t\t<\/ol>\r\n\t\t\t\t\t<div class=\"clearfix\"><\/div>\r\n\t\t\t\t<\/div>\r\n\t\t\t<\/div>\r\n\t\t\t\n\n\n\n<div class=\"wp-block-columns is-layout-flex wp-container-core-columns-is-layout-9d6595d7 wp-block-columns-is-layout-flex\">\n<div class=\"wp-block-column is-layout-flow wp-block-column-is-layout-flow\"><\/div>\n<\/div>\n\n\n\n<p>PROFESJONALNE SPRZ\u0104TANIE SP. Z O.O.<br>UL. KR\u00d3LOWEJ KORONY POLSKIEJ 24 \/ 306,<br>70-486 SZCZECIN<br>NIP: 6722106283<\/p>\n\n\n\n<p>Poczta: <a href=\"mailto:biuro@profesjonalne-sprz\u0105tanie.pl\">biuro@profesjonalne-sprz\u0105tanie.pl<\/a><\/p>\n\n\n\n<p>Programowanie: Druck- &amp; Werbeprofi<\/p>\n\n\n\n<p>\u0179r\u00f3d\u0142a zdj\u0119\u0107:<\/p>\n\n\n\n<p>Sauber Vektor stworzony przez upklyak \u2013 de.freepik.com<\/p>\n\n\n\n<p>Auto service Vektor stworzony przez macrovector \u2013 de.freepik.com<\/p>\n\n\n\n<p>Versicherung Vektor stworzony przez ibrandify \u2013 de.freepik.com<\/p>\n\n\n\n<p>Baum Logo Vektoren stworzony przez Vecteezy<\/p>\n\n\n\n<p>Pozosta\u0142e obrazy u\u017cyte na tej stronie s\u0105 licencjonowane<\/p>\n\n\n\n<p>i dlatego s\u0105 nasz\u0105 w\u0142asno\u015bci\u0105.<\/p>\n\n\n\n<p>Wstecz<\/p>\n","protected":false},"excerpt":{"rendered":"<p>PROFESJONALNE SPRZ\u0104TANIE SP. Z O.O.UL. KR\u00d3LOWEJ KORONY POLSKIEJ 24 \/ 306,70-486 SZCZECINNIP: 6722106283 Poczta: biuro@profesjonalne-sprz\u0105tanie.pl Programowanie: Druck- &amp; Werbeprofi \u0179r\u00f3d\u0142a zdj\u0119\u0107: Sauber Vektor stworzony przez upklyak \u2013 de.freepik.com Auto service Vektor stworzony przez macrovector \u2013 de.freepik.com Versicherung Vektor stworzony przez ibrandify \u2013 de.freepik.com Baum Logo Vektoren stworzony przez Vecteezy Pozosta\u0142e obrazy u\u017cyte na tej stronie [&hellip;]<\/p>\n","protected":false},"author":1,"featured_media":0,"parent":0,"menu_order":0,"comment_status":"closed","ping_status":"closed","template":"","meta":{"advanced_seo_description":"","jetpack_seo_html_title":"","jetpack_seo_noindex":false,"footnotes":""},"class_list":["post-97","page","type-page","status-publish","hentry"],"jetpack_sharing_enabled":true,"_links":{"self":[{"href":"https:\/\/xn--profesjonalne-sprztanie-zvc.pl\/index.php\/wp-json\/wp\/v2\/pages\/97","targetHints":{"allow":["GET"]}}],"collection":[{"href":"https:\/\/xn--profesjonalne-sprztanie-zvc.pl\/index.php\/wp-json\/wp\/v2\/pages"}],"about":[{"href":"https:\/\/xn--profesjonalne-sprztanie-zvc.pl\/index.php\/wp-json\/wp\/v2\/types\/page"}],"author":[{"embeddable":true,"href":"https:\/\/xn--profesjonalne-sprztanie-zvc.pl\/index.php\/wp-json\/wp\/v2\/users\/1"}],"replies":[{"embeddable":true,"href":"https:\/\/xn--profesjonalne-sprztanie-zvc.pl\/index.php\/wp-json\/wp\/v2\/comments?post=97"}],"version-history":[{"count":11,"href":"https:\/\/xn--profesjonalne-sprztanie-zvc.pl\/index.php\/wp-json\/wp\/v2\/pages\/97\/revisions"}],"predecessor-version":[{"id":805,"href":"https:\/\/xn--profesjonalne-sprztanie-zvc.pl\/index.php\/wp-json\/wp\/v2\/pages\/97\/revisions\/805"}],"wp:attachment":[{"href":"https:\/\/xn--profesjonalne-sprztanie-zvc.pl\/index.php\/wp-json\/wp\/v2\/media?parent=97"}],"curies":[{"name":"wp","href":"https:\/\/api.w.org\/{rel}","templated":true}]}}