{"id":122,"date":"2024-04-05T05:26:55","date_gmt":"2024-04-05T05:26:55","guid":{"rendered":"https:\/\/xn--profesjonalne-sprztanie-zvc.pl\/?page_id=122"},"modified":"2024-04-30T07:03:15","modified_gmt":"2024-04-30T07:03:15","slug":"sonderreinigung","status":"publish","type":"page","link":"https:\/\/xn--profesjonalne-sprztanie-zvc.pl\/index.php\/sonderreinigung\/","title":{"rendered":"Czyszczenie specjalne"},"content":{"rendered":"<div class=\"n2_clear\"><ss3-force-full-width data-overflow-x=\"body\" data-horizontal-selector=\"body\"><div class=\"n2-section-smartslider fitvidsignore  n2_clear\" data-ssid=\"7\"><div id=\"n2-ss-7-align\" class=\"n2-ss-align\"><div class=\"n2-padding\"><div id=\"n2-ss-7\" data-creator=\"Smart Slider 3\" data-responsive=\"fullwidth\" class=\"n2-ss-slider n2-ow n2-has-hover n2notransition  \">\n        <div class=\"n2-ss-slider-1 n2_ss__touch_element n2-ow\">\n            <div class=\"n2-ss-slider-2 n2-ow\">\n                                                <div class=\"n2-ss-slider-3 n2-ow\">\n\n                    <div class=\"n2-ss-slide-backgrounds n2-ow-all\"><div class=\"n2-ss-slide-background\" data-public-id=\"1\" data-mode=\"fill\"><div data-color=\"RGBA(255,255,255,0)\" style=\"background-color: RGBA(255,255,255,0);\" class=\"n2-ss-slide-background-color\"><\/div><\/div><\/div>                    <div class=\"n2-ss-slider-4 n2-ow\">\n                        <svg xmlns=\"http:\/\/www.w3.org\/2000\/svg\" viewBox=\"0 0 1920 800\" data-related-device=\"desktopPortrait\" class=\"n2-ow n2-ss-preserve-size n2-ss-preserve-size--slider n2-ss-slide-limiter\"><\/svg><div data-first=\"1\" data-slide-duration=\"0\" data-id=\"12\" data-slide-public-id=\"1\" data-title=\"Sonderreinigung\" class=\"n2-ss-slide n2-ow  n2-ss-slide-12\"><div role=\"note\" class=\"n2-ss-slide--focus\" tabindex=\"-1\">Sonderreinigung<\/div><div class=\"n2-ss-layers-container n2-ss-slide-limiter n2-ow\"><div class=\"n2-ss-layer n2-ow n-uc-F7dnHeAkzUij\" data-sstype=\"slide\" data-pm=\"default\"><div class=\"n2-ss-layer n2-ow n-uc-dVK74n9dGf2x\" data-pm=\"default\" data-hidemobileportrait=\"1\" data-sstype=\"content\" data-hasbackground=\"1\"><div class=\"n2-ss-section-main-content n2-ss-layer-with-background n2-ss-layer-content n2-ow n-uc-dVK74n9dGf2x-inner\"><div class=\"n2-ss-layer n2-ow n-uc-JS8mGxpS3bPM\" data-pm=\"absolute\" data-responsiveposition=\"1\" data-desktopportraitleft=\"-323\" data-tabletportraitleft=\"-528\" data-desktopportraittop=\"-107\" data-tabletportraittop=\"-129\" data-responsivesize=\"1\" data-desktopportraitwidth=\"auto\" data-tabletportraitwidth=\"896\" data-desktopportraitheight=\"auto\" data-tabletportraitheight=\"126\" data-desktopportraitalign=\"center\" data-tabletportraitalign=\"center\" data-desktopportraitvalign=\"middle\" data-tabletportraitvalign=\"middle\" data-parentid=\"\" data-desktopportraitparentalign=\"center\" data-desktopportraitparentvalign=\"middle\" data-hidemobileportrait=\"1\" data-sstype=\"layer\"><div class=\"n2-ss-item-content n2-ss-text n2-ow-all\"><div class=\"\"><p class=\"n2-font-53f92c915d640f62c9741eace956db18-paragraph   \"><b>Czyszczenie specjalne<\/b><\/p>\n<\/div><\/div><\/div><div class=\"n2-ss-layer n2-ow n-uc-DbzGuv4YYEmx\" data-pm=\"absolute\" data-responsiveposition=\"1\" data-desktopportraitleft=\"-347\" data-tabletportraitleft=\"-505\" data-desktopportraittop=\"15\" data-tabletportraittop=\"85\" data-responsivesize=\"1\" data-desktopportraitwidth=\"550\" data-tabletportraitwidth=\"666\" data-desktopportraitheight=\"auto\" data-tabletportraitheight=\"301\" data-desktopportraitalign=\"center\" data-tabletportraitalign=\"center\" data-desktopportraitvalign=\"middle\" data-tabletportraitvalign=\"middle\" data-parentid=\"\" data-desktopportraitparentalign=\"center\" data-desktopportraitparentvalign=\"middle\" data-hidemobileportrait=\"1\" data-sstype=\"layer\"><div class=\"n2-ss-item-content n2-ss-text n2-ow-all\"><div class=\"\"><p class=\"n2-font-f2a499d27d49e2e949e22606890131a0-paragraph   \">Czasami czyszczenie powierzchowne nie wystarczy. Trudne zabrudzenia wymagaj\u0105 specjalnego traktowania i technik, kt\u00f3re nasi pracownicy maj\u0105 opanowane. Potrafimy usuwa\u0107 nawet te najtrudniejsze plamy i zabrudzenia.<\/p>\n<\/div><\/div><\/div><\/div><\/div><\/div><\/div><\/div>                    <\/div>\n\n                                    <\/div>\n            <\/div>\n        <\/div>\n        <\/div><ss3-loader><\/ss3-loader><\/div><\/div><div class=\"n2_clear\"><\/div><\/div><\/ss3-force-full-width><\/div>\n\n\n<p><\/p>\n\n\n\t\t\t<!-- Flexy Breadcrumb -->\r\n\t\t\t<div class=\"fbc fbc-page\">\r\n\r\n\t\t\t\t<!-- Breadcrumb wrapper -->\r\n\t\t\t\t<div class=\"fbc-wrap\">\r\n\r\n\t\t\t\t\t<!-- Ordered list-->\r\n\t\t\t\t\t<ol class=\"fbc-items\" itemscope itemtype=\"https:\/\/schema.org\/BreadcrumbList\">\r\n\t\t\t\t\t\t            <li itemprop=\"itemListElement\" itemscope itemtype=\"https:\/\/schema.org\/ListItem\">\r\n                <span itemprop=\"name\">\r\n                    <!-- Home Link -->\r\n                    <a itemprop=\"item\" href=\"https:\/\/xn--profesjonalne-sprztanie-zvc.pl\">\r\n                    \r\n                                                    <i class=\"fa fa-home\" aria-hidden=\"true\"><\/i>Strona g\u0142\u00f3wna                    <\/a>\r\n                <\/span>\r\n                <meta itemprop=\"position\" content=\"1\" \/><!-- Meta Position-->\r\n             <\/li><li><span class=\"fbc-separator\">\/<\/span><\/li><li class=\"active\" itemprop=\"itemListElement\" itemscope itemtype=\"https:\/\/schema.org\/ListItem\"><span itemprop=\"name\" title=\"Czyszczenie specjalne\">Czyszczenie specjalne<\/span><meta itemprop=\"position\" content=\"2\" \/><\/li>\t\t\t\t\t<\/ol>\r\n\t\t\t\t\t<div class=\"clearfix\"><\/div>\r\n\t\t\t\t<\/div>\r\n\t\t\t<\/div>\r\n\t\t\t\n<\/p>\n\n\n<div class=\"wp-block-group alignfull has-white-background-color has-background\"><div class=\"wp-block-group__inner-container is-layout-flow wp-block-group-is-layout-flow\">\n<div class=\"wp-block-columns alignwide are-vertically-aligned-center is-layout-flex wp-container-core-columns-is-layout-9d6595d7 wp-block-columns-is-layout-flex\">\n<div class=\"wp-block-column is-layout-flow wp-block-column-is-layout-flow\"><\/div>\n<\/div>\n\n\n\n<div class=\"wp-block-columns alignwide is-layout-flex wp-container-core-columns-is-layout-9d6595d7 wp-block-columns-is-layout-flex\">\n<div class=\"wp-block-column is-layout-flow wp-block-column-is-layout-flow\" style=\"flex-basis:80%\">\n<p class=\"has-text-color\" style=\"color:#000000;font-size:45px;font-style:normal;font-weight:300\">Z naszym do\u015bwiadczeniem i wyspecjalizowan\u0105 kadr\u0105 potrafimy zapewni\u0107 gruntowne i nienaganne czyszczenie.<\/p>\n<\/div>\n\n\n\n<div class=\"wp-block-column is-layout-flow wp-block-column-is-layout-flow\"><\/div>\n<\/div>\n\n\n\n<div style=\"height:40px\" aria-hidden=\"true\" class=\"wp-block-spacer\"><\/div>\n<\/div><\/div>\n\n\n\n<div class=\"wp-block-columns alignwide is-layout-flex wp-container-core-columns-is-layout-9d6595d7 wp-block-columns-is-layout-flex\">\n<div class=\"wp-block-column is-layout-flow wp-block-column-is-layout-flow\" style=\"font-size:67px;flex-basis:33%\">\n<p class=\"has-text-color\" style=\"color:#000000;font-size:16px\">Trudne zabrudzenia<\/p>\n\n\n\n<p class=\"has-text-color\" style=\"color:#000000;font-size:16px\">Oferujemy intensywne i gruntowne czyszczenie mocno zabrudzonych i zaniedbanych obszar\u00f3w. Nasz do\u015bwiadczony zesp\u00f3\u0142 stosuje wysokiej klasy produkty czyszcz\u0105ce i narz\u0119dzia, aby odtworzy\u0107 pierwotny stan pomieszcze\u0144.<\/p>\n\n\n\n<p class=\"has-text-color\" style=\"color:#000000;font-size:16px\"><a href=\"mailto:biuro@profesj\"><a href=\"mailto:biuro@profesj\">Zapytanie<\/a>\u00a0<\/a>\u00a0<\/p>\n<\/div>\n\n\n\n<div class=\"wp-block-column is-layout-flow wp-block-column-is-layout-flow\" style=\"flex-basis:33%\">\n<p style=\"font-size:16px\">Czyszczenie dywan\u00f3w<\/p>\n\n\n\n<p style=\"font-size:16px\">Oferujemy szerok\u0105 palet\u0119 us\u0142ug, w\u0142\u0105cznie z og\u00f3lnym czyszczeniem dywan\u00f3w. Niezale\u017cnie od wielko\u015bci oraz rodzaju dywanu, nasz zesp\u00f3\u0142 wykwalifikowanych pracownik\u00f3w jest gotowy zaoferowa\u0107 Pa\u0144stw najlepsze rozwi\u0105zania, odpowiadaj\u0105ce Pa\u0144stwa potrzebom.<\/p>\n\n\n\n<p style=\"font-size:16px\"><a href=\"mailto:biuro@\"><a href=\"mailto:biuro@profesj\">Zapytanie<\/a>\u00a0<\/a><\/p>\n<\/div>\n\n\n\n<div class=\"wp-block-column is-layout-flow wp-block-column-is-layout-flow\" style=\"flex-basis:33%\">\n<p style=\"font-size:16px\">Dezynfekcja<\/p>\n\n\n\n<p style=\"font-size:16px\">W dzisiejszych czasach, standardy higieniczne s\u0105 szczeg\u00f3lnie istotne. Oferujemy profesjonalne us\u0142ugi dezynfekcyjne aby uwolni\u0107 Pa\u0144stwa otoczenie od szkodnik\u00f3w. U\u017cywamy wysokiej klasy \u015brodk\u00f3w dezynfekcyjnych i wypr\u00f3bowanych technik, aby skutecznie chroni\u0107 i zapewni\u0107 standardy higieniczne wszystkim powierzchniom zewn\u0119trznym.<br><br><a href=\"mailto:biuro@\"><a href=\"mailto:biuro@profesj\">Zapytanie<\/a>\u00a0<\/a><\/p>\n<\/div>\n<\/div>\n","protected":false},"excerpt":{"rendered":"<p>Z naszym do\u015bwiadczeniem i wyspecjalizowan\u0105 kadr\u0105 potrafimy zapewni\u0107 gruntowne i nienaganne czyszczenie. Trudne zabrudzenia Oferujemy intensywne i gruntowne czyszczenie mocno zabrudzonych i zaniedbanych obszar\u00f3w. Nasz do\u015bwiadczony zesp\u00f3\u0142 stosuje wysokiej klasy produkty czyszcz\u0105ce i narz\u0119dzia, aby odtworzy\u0107 pierwotny stan pomieszcze\u0144. Zapytanie\u00a0\u00a0 Czyszczenie dywan\u00f3w Oferujemy szerok\u0105 palet\u0119 us\u0142ug, w\u0142\u0105cznie z og\u00f3lnym czyszczeniem dywan\u00f3w. Niezale\u017cnie od wielko\u015bci oraz [&hellip;]<\/p>\n","protected":false},"author":1,"featured_media":0,"parent":0,"menu_order":0,"comment_status":"closed","ping_status":"closed","template":"fullwidth-page.php","meta":{"advanced_seo_description":"Czasami czyszczenie powierzchowne nie wystarczy. Trudne zabrudzenia wymagaj\u0105 specjalnego traktowania i technik, kt\u00f3re nasi pracownicy maj\u0105 opanowane. Potrafimy usuwa\u0107 nawet te najtrudniejsze plamy i zabrudzenia.","jetpack_seo_html_title":"Czyszczenie specjalne","jetpack_seo_noindex":false,"footnotes":""},"class_list":["post-122","page","type-page","status-publish","hentry"],"jetpack_sharing_enabled":true,"_links":{"self":[{"href":"https:\/\/xn--profesjonalne-sprztanie-zvc.pl\/index.php\/wp-json\/wp\/v2\/pages\/122","targetHints":{"allow":["GET"]}}],"collection":[{"href":"https:\/\/xn--profesjonalne-sprztanie-zvc.pl\/index.php\/wp-json\/wp\/v2\/pages"}],"about":[{"href":"https:\/\/xn--profesjonalne-sprztanie-zvc.pl\/index.php\/wp-json\/wp\/v2\/types\/page"}],"author":[{"embeddable":true,"href":"https:\/\/xn--profesjonalne-sprztanie-zvc.pl\/index.php\/wp-json\/wp\/v2\/users\/1"}],"replies":[{"embeddable":true,"href":"https:\/\/xn--profesjonalne-sprztanie-zvc.pl\/index.php\/wp-json\/wp\/v2\/comments?post=122"}],"version-history":[{"count":13,"href":"https:\/\/xn--profesjonalne-sprztanie-zvc.pl\/index.php\/wp-json\/wp\/v2\/pages\/122\/revisions"}],"predecessor-version":[{"id":801,"href":"https:\/\/xn--profesjonalne-sprztanie-zvc.pl\/index.php\/wp-json\/wp\/v2\/pages\/122\/revisions\/801"}],"wp:attachment":[{"href":"https:\/\/xn--profesjonalne-sprztanie-zvc.pl\/index.php\/wp-json\/wp\/v2\/media?parent=122"}],"curies":[{"name":"wp","href":"https:\/\/api.w.org\/{rel}","templated":true}]}}