{"id":120,"date":"2024-04-05T05:26:18","date_gmt":"2024-04-05T05:26:18","guid":{"rendered":"https:\/\/xn--profesjonalne-sprztanie-zvc.pl\/?page_id=120"},"modified":"2024-04-30T07:02:35","modified_gmt":"2024-04-30T07:02:35","slug":"glasreinigung","status":"publish","type":"page","link":"https:\/\/xn--profesjonalne-sprztanie-zvc.pl\/index.php\/glasreinigung\/","title":{"rendered":"Mycie okien"},"content":{"rendered":"<div class=\"n2_clear\"><ss3-force-full-width data-overflow-x=\"body\" data-horizontal-selector=\"body\"><div class=\"n2-section-smartslider fitvidsignore  n2_clear\" data-ssid=\"5\"><div id=\"n2-ss-5-align\" class=\"n2-ss-align\"><div class=\"n2-padding\"><div id=\"n2-ss-5\" data-creator=\"Smart Slider 3\" data-responsive=\"fullwidth\" class=\"n2-ss-slider n2-ow n2-has-hover n2notransition  \">\n        <div class=\"n2-ss-slider-1 n2_ss__touch_element n2-ow\">\n            <div class=\"n2-ss-slider-2 n2-ow\">\n                                                <div class=\"n2-ss-slider-3 n2-ow\">\n\n                    <div class=\"n2-ss-slide-backgrounds n2-ow-all\"><div class=\"n2-ss-slide-background\" data-public-id=\"1\" data-mode=\"fill\"><div data-color=\"RGBA(255,255,255,0)\" style=\"background-color: RGBA(255,255,255,0);\" class=\"n2-ss-slide-background-color\"><\/div><\/div><\/div>                    <div class=\"n2-ss-slider-4 n2-ow\">\n                        <svg xmlns=\"http:\/\/www.w3.org\/2000\/svg\" viewBox=\"0 0 1920 800\" data-related-device=\"desktopPortrait\" class=\"n2-ow n2-ss-preserve-size n2-ss-preserve-size--slider n2-ss-slide-limiter\"><\/svg><div data-first=\"1\" data-slide-duration=\"0\" data-id=\"10\" data-slide-public-id=\"1\" data-title=\"Glasreinigung\" class=\"n2-ss-slide n2-ow  n2-ss-slide-10\"><div role=\"note\" class=\"n2-ss-slide--focus\" tabindex=\"-1\">Glasreinigung<\/div><div class=\"n2-ss-layers-container n2-ss-slide-limiter n2-ow\"><div class=\"n2-ss-layer n2-ow n-uc-zf5yfjBLsBAb\" data-sstype=\"slide\" data-pm=\"default\"><div class=\"n2-ss-layer n2-ow n-uc-e8tNPcQsV4t2\" data-pm=\"default\" data-hidemobileportrait=\"1\" data-sstype=\"content\" data-hasbackground=\"1\"><div class=\"n2-ss-section-main-content n2-ss-layer-with-background n2-ss-layer-content n2-ow n-uc-e8tNPcQsV4t2-inner\"><div class=\"n2-ss-layer n2-ow n-uc-DbeHZCsMUnI4\" data-pm=\"absolute\" data-responsiveposition=\"1\" data-desktopportraitleft=\"-464\" data-tabletportraitleft=\"-528\" data-desktopportraittop=\"-107\" data-tabletportraittop=\"-129\" data-responsivesize=\"1\" data-desktopportraitwidth=\"auto\" data-tabletportraitwidth=\"896\" data-desktopportraitheight=\"auto\" data-tabletportraitheight=\"126\" data-desktopportraitalign=\"center\" data-tabletportraitalign=\"center\" data-desktopportraitvalign=\"middle\" data-tabletportraitvalign=\"middle\" data-parentid=\"\" data-desktopportraitparentalign=\"center\" data-desktopportraitparentvalign=\"middle\" data-hidemobileportrait=\"1\" data-sstype=\"layer\"><div class=\"n2-ss-item-content n2-ss-text n2-ow-all\"><div class=\"\"><p class=\"n2-font-53f92c915d640f62c9741eace956db18-paragraph   \"><b>Mycie\u00a0okien<\/b><\/p>\n<\/div><\/div><\/div><div class=\"n2-ss-layer n2-ow n-uc-hl7dAHNa18rm\" data-pm=\"absolute\" data-responsiveposition=\"1\" data-desktopportraitleft=\"-347\" data-tabletportraitleft=\"-505\" data-desktopportraittop=\"46\" data-tabletportraittop=\"85\" data-responsivesize=\"1\" data-desktopportraitwidth=\"550\" data-tabletportraitwidth=\"666\" data-desktopportraitheight=\"auto\" data-tabletportraitheight=\"301\" data-desktopportraitalign=\"center\" data-tabletportraitalign=\"center\" data-desktopportraitvalign=\"middle\" data-tabletportraitvalign=\"middle\" data-parentid=\"\" data-desktopportraitparentalign=\"center\" data-desktopportraitparentvalign=\"middle\" data-hidemobileportrait=\"1\" data-sstype=\"layer\"><div class=\"n2-ss-item-content n2-ss-text n2-ow-all\"><div class=\"\"><p class=\"n2-font-f2a499d27d49e2e949e22606890131a0-paragraph   \">Naszym klientom oferujemy obszerne i profesjonalne czyszczenie powierzchni szklanych dla wszystkich typ\u00f3w budynk\u00f3w i wyzwa\u0144. Nasza nowoczesna technologia, jak r\u00f3wnie\u017c wysoka jako\u015b\u0107 \u015brodk\u00f3w czyszcz\u0105cych zapewni b\u0142ysk zar\u00f3wno dla obiekt\u00f3w prywatnych, jak i komercyjnych<\/p>\n<\/div><\/div><\/div><\/div><\/div><\/div><\/div><\/div>                    <\/div>\n\n                                    <\/div>\n            <\/div>\n        <\/div>\n        <\/div><ss3-loader><\/ss3-loader><\/div><\/div><div class=\"n2_clear\"><\/div><\/div><\/ss3-force-full-width><\/div>\n\n\n<p><\/p>\n\n\n\t\t\t<!-- Flexy Breadcrumb -->\r\n\t\t\t<div class=\"fbc fbc-page\">\r\n\r\n\t\t\t\t<!-- Breadcrumb wrapper -->\r\n\t\t\t\t<div class=\"fbc-wrap\">\r\n\r\n\t\t\t\t\t<!-- Ordered list-->\r\n\t\t\t\t\t<ol class=\"fbc-items\" itemscope itemtype=\"https:\/\/schema.org\/BreadcrumbList\">\r\n\t\t\t\t\t\t            <li itemprop=\"itemListElement\" itemscope itemtype=\"https:\/\/schema.org\/ListItem\">\r\n                <span itemprop=\"name\">\r\n                    <!-- Home Link -->\r\n                    <a itemprop=\"item\" href=\"https:\/\/xn--profesjonalne-sprztanie-zvc.pl\">\r\n                    \r\n                                                    <i class=\"fa fa-home\" aria-hidden=\"true\"><\/i>Strona g\u0142\u00f3wna                    <\/a>\r\n                <\/span>\r\n                <meta itemprop=\"position\" content=\"1\" \/><!-- Meta Position-->\r\n             <\/li><li><span class=\"fbc-separator\">\/<\/span><\/li><li class=\"active\" itemprop=\"itemListElement\" itemscope itemtype=\"https:\/\/schema.org\/ListItem\"><span itemprop=\"name\" title=\"Mycie okien\">Mycie okien<\/span><meta itemprop=\"position\" content=\"2\" \/><\/li>\t\t\t\t\t<\/ol>\r\n\t\t\t\t\t<div class=\"clearfix\"><\/div>\r\n\t\t\t\t<\/div>\r\n\t\t\t<\/div>\r\n\t\t\t\n<\/p>\n\n\n<div class=\"wp-block-group alignfull has-white-background-color has-background\"><div class=\"wp-block-group__inner-container is-layout-flow wp-block-group-is-layout-flow\">\n<div class=\"wp-block-columns alignwide are-vertically-aligned-center is-layout-flex wp-container-core-columns-is-layout-9d6595d7 wp-block-columns-is-layout-flex\">\n<div class=\"wp-block-column is-layout-flow wp-block-column-is-layout-flow\"><\/div>\n<\/div>\n\n\n\n<div class=\"wp-block-columns alignwide is-layout-flex wp-container-core-columns-is-layout-9d6595d7 wp-block-columns-is-layout-flex\">\n<div class=\"wp-block-column is-layout-flow wp-block-column-is-layout-flow\" style=\"flex-basis:80%\">\n<p class=\"has-text-color\" style=\"color:#000000;font-size:45px;font-style:normal;font-weight:300\">Niezale\u017cnie od wielko\u015bci i kompletno\u015bci, traktujemy ka\u017cdy projekt z dba\u0142o\u015bci\u0105 i uwag\u0105 na szczeg\u00f3\u0142y.<\/p>\n<\/div>\n\n\n\n<div class=\"wp-block-column is-layout-flow wp-block-column-is-layout-flow\"><\/div>\n<\/div>\n\n\n\n<div style=\"height:40px\" aria-hidden=\"true\" class=\"wp-block-spacer\"><\/div>\n<\/div><\/div>\n\n\n\n<div class=\"wp-block-columns alignwide is-layout-flex wp-container-core-columns-is-layout-9d6595d7 wp-block-columns-is-layout-flex\">\n<div class=\"wp-block-column is-layout-flow wp-block-column-is-layout-flow\" style=\"font-size:31px;flex-basis:33%\">\n<p class=\"has-text-color\" style=\"color:#000000;font-size:16px\">Budynki biurowe<\/p>\n\n\n\n<p class=\"has-text-color\" style=\"color:#000000;font-size:16px\">Jeste\u015bmy \u015bwiadomi \u017ce ka\u017cdy biurowiec jest jedyny w swoim rodzaju i ma specjalne wymagania. Z tego wzgl\u0119du, przygotowujemy dla ka\u017cdego klienta indywidualn\u0105 koncepcj\u0119 czyszczenia powierzchni szklanych, dostosowan\u0105 do wszystkich potrzeb i oczekiwa\u0144.<\/p>\n\n\n\n<p class=\"has-text-color\" style=\"color:#000000;font-size:16px\"><a href=\"mailto:biuro@profesj\">Zapytanie<\/a>\u00a0<\/p>\n<\/div>\n\n\n\n<div class=\"wp-block-column is-layout-flow wp-block-column-is-layout-flow\" style=\"flex-basis:33%\">\n<p style=\"font-size:16px\">Obiekty komercyjne<\/p>\n\n\n\n<p style=\"font-size:16px\">Rozumiemy, \u017ce ka\u017cda dzia\u0142alno\u015b\u0107 ma oczekiwania jedyne w swoim rodzaju. Dlatego oferujemy naszym klientom elastyczne plany czasowe i rozwi\u0105zania szyte na miar\u0119, kt\u00f3re s\u0105 dopasowane do Pa\u0144stwa potrzeb i bud\u017cetu.<br><\/p>\n\n\n\n<p style=\"font-size:16px\"><a href=\"mailto:biuro@\"><a href=\"mailto:biuro@profesj\">Zapytanie<\/a>\u00a0<\/a><\/p>\n<\/div>\n\n\n\n<div class=\"wp-block-column is-layout-flow wp-block-column-is-layout-flow\" style=\"flex-basis:33%\">\n<p style=\"font-size:16px\">Obiekty prywatne<\/p>\n\n\n\n<p style=\"font-size:16px\">Nasze us\u0142ugi obejmuj\u0105 czyszczenie wszystkich dost\u0119pnych powierzchni okiennych, zar\u00f3wno wewn\u0119trznych, jak i zewn\u0119trznych. Dotyczy to okien wszystkich wielko\u015bci, od okien przyziemnych a\u017c po dachowe i oszklenia ogrod\u00f3w zimowych.<br><br><a href=\"mailto:biuro@\"><a href=\"mailto:biuro@profesj\">Zapytanie<\/a>\u00a0<\/a><\/p>\n<\/div>\n<\/div>\n","protected":false},"excerpt":{"rendered":"<p>Niezale\u017cnie od wielko\u015bci i kompletno\u015bci, traktujemy ka\u017cdy projekt z dba\u0142o\u015bci\u0105 i uwag\u0105 na szczeg\u00f3\u0142y. Budynki biurowe Jeste\u015bmy \u015bwiadomi \u017ce ka\u017cdy biurowiec jest jedyny w swoim rodzaju i ma specjalne wymagania. Z tego wzgl\u0119du, przygotowujemy dla ka\u017cdego klienta indywidualn\u0105 koncepcj\u0119 czyszczenia powierzchni szklanych, dostosowan\u0105 do wszystkich potrzeb i oczekiwa\u0144. Zapytanie\u00a0 Obiekty komercyjne Rozumiemy, \u017ce ka\u017cda dzia\u0142alno\u015b\u0107 [&hellip;]<\/p>\n","protected":false},"author":1,"featured_media":0,"parent":0,"menu_order":0,"comment_status":"closed","ping_status":"closed","template":"fullwidth-page.php","meta":{"advanced_seo_description":"Naszym klientom oferujemy obszerne i profesjonalne czyszczenie powierzchni szklanych dla wszystkich typ\u00f3w budynk\u00f3w i wyzwa\u0144. Nasza nowoczesna technologia, jak r\u00f3wnie\u017c wysoka jako\u015b\u0107 \u015brodk\u00f3w czyszcz\u0105cych zapewni b\u0142ysk zar\u00f3wno dla obiekt\u00f3w prywatnych, jak i komercyjnych","jetpack_seo_html_title":"Mycie\u00a0okien","jetpack_seo_noindex":false,"footnotes":""},"class_list":["post-120","page","type-page","status-publish","hentry"],"jetpack_sharing_enabled":true,"_links":{"self":[{"href":"https:\/\/xn--profesjonalne-sprztanie-zvc.pl\/index.php\/wp-json\/wp\/v2\/pages\/120","targetHints":{"allow":["GET"]}}],"collection":[{"href":"https:\/\/xn--profesjonalne-sprztanie-zvc.pl\/index.php\/wp-json\/wp\/v2\/pages"}],"about":[{"href":"https:\/\/xn--profesjonalne-sprztanie-zvc.pl\/index.php\/wp-json\/wp\/v2\/types\/page"}],"author":[{"embeddable":true,"href":"https:\/\/xn--profesjonalne-sprztanie-zvc.pl\/index.php\/wp-json\/wp\/v2\/users\/1"}],"replies":[{"embeddable":true,"href":"https:\/\/xn--profesjonalne-sprztanie-zvc.pl\/index.php\/wp-json\/wp\/v2\/comments?post=120"}],"version-history":[{"count":19,"href":"https:\/\/xn--profesjonalne-sprztanie-zvc.pl\/index.php\/wp-json\/wp\/v2\/pages\/120\/revisions"}],"predecessor-version":[{"id":800,"href":"https:\/\/xn--profesjonalne-sprztanie-zvc.pl\/index.php\/wp-json\/wp\/v2\/pages\/120\/revisions\/800"}],"wp:attachment":[{"href":"https:\/\/xn--profesjonalne-sprztanie-zvc.pl\/index.php\/wp-json\/wp\/v2\/media?parent=120"}],"curies":[{"name":"wp","href":"https:\/\/api.w.org\/{rel}","templated":true}]}}