{"id":116,"date":"2024-04-05T05:19:15","date_gmt":"2024-04-05T05:19:15","guid":{"rendered":"https:\/\/xn--profesjonalne-sprztanie-zvc.pl\/?page_id=116"},"modified":"2024-04-30T07:02:14","modified_gmt":"2024-04-30T07:02:14","slug":"unterhaltsreinigung","status":"publish","type":"page","link":"https:\/\/xn--profesjonalne-sprztanie-zvc.pl\/index.php\/unterhaltsreinigung\/","title":{"rendered":"Czyszczenie regularne"},"content":{"rendered":"<div class=\"n2_clear\"><ss3-force-full-width data-overflow-x=\"body\" data-horizontal-selector=\"body\"><div class=\"n2-section-smartslider fitvidsignore  n2_clear\" data-ssid=\"2\"><div id=\"n2-ss-2-align\" class=\"n2-ss-align\"><div class=\"n2-padding\"><div id=\"n2-ss-2\" data-creator=\"Smart Slider 3\" data-responsive=\"fullwidth\" class=\"n2-ss-slider n2-ow n2-has-hover n2notransition  \">\n        <div class=\"n2-ss-slider-1 n2_ss__touch_element n2-ow\">\n            <div class=\"n2-ss-slider-2 n2-ow\">\n                                                <div class=\"n2-ss-slider-3 n2-ow\">\n\n                    <div class=\"n2-ss-slide-backgrounds n2-ow-all\"><div class=\"n2-ss-slide-background\" data-public-id=\"1\" data-mode=\"fill\"><div data-color=\"RGBA(255,255,255,0)\" style=\"background-color: RGBA(255,255,255,0);\" class=\"n2-ss-slide-background-color\"><\/div><\/div><\/div>                    <div class=\"n2-ss-slider-4 n2-ow\">\n                        <svg xmlns=\"http:\/\/www.w3.org\/2000\/svg\" viewBox=\"0 0 1920 800\" data-related-device=\"desktopPortrait\" class=\"n2-ow n2-ss-preserve-size n2-ss-preserve-size--slider n2-ss-slide-limiter\"><\/svg><div data-first=\"1\" data-slide-duration=\"0\" data-id=\"3\" data-slide-public-id=\"1\" data-title=\"Unterhaltsreinigung\" class=\"n2-ss-slide n2-ow  n2-ss-slide-3\"><div role=\"note\" class=\"n2-ss-slide--focus\" tabindex=\"-1\">Unterhaltsreinigung<\/div><div class=\"n2-ss-layers-container n2-ss-slide-limiter n2-ow\"><div class=\"n2-ss-layer n2-ow n-uc-FZAreOxLLezk\" data-sstype=\"slide\" data-pm=\"default\"><div class=\"n2-ss-layer n2-ow n-uc-ERyTahtgxww7\" data-pm=\"default\" data-hidemobileportrait=\"1\" data-sstype=\"content\" data-hasbackground=\"1\"><div class=\"n2-ss-section-main-content n2-ss-layer-with-background n2-ss-layer-content n2-ow n-uc-ERyTahtgxww7-inner\"><div class=\"n2-ss-layer n2-ow n-uc-sEMUddWHXG0B\" data-pm=\"absolute\" data-responsiveposition=\"1\" data-desktopportraitleft=\"-324\" data-tabletportraitleft=\"-528\" data-desktopportraittop=\"-107\" data-tabletportraittop=\"-129\" data-responsivesize=\"1\" data-desktopportraitwidth=\"auto\" data-tabletportraitwidth=\"896\" data-desktopportraitheight=\"auto\" data-tabletportraitheight=\"126\" data-desktopportraitalign=\"center\" data-tabletportraitalign=\"center\" data-desktopportraitvalign=\"middle\" data-tabletportraitvalign=\"middle\" data-parentid=\"\" data-desktopportraitparentalign=\"center\" data-desktopportraitparentvalign=\"middle\" data-hidemobileportrait=\"1\" data-sstype=\"layer\"><div class=\"n2-ss-item-content n2-ss-text n2-ow-all\"><div class=\"\"><p class=\"n2-font-53f92c915d640f62c9741eace956db18-paragraph   \"><b>Czyszczenie regularne<\/b><\/p>\n<\/div><\/div><\/div><div class=\"n2-ss-layer n2-ow n-uc-179d2106725fc\" data-pm=\"absolute\" data-responsiveposition=\"1\" data-desktopportraitleft=\"-347\" data-tabletportraitleft=\"-505\" data-desktopportraittop=\"16\" data-tabletportraittop=\"85\" data-responsivesize=\"1\" data-desktopportraitwidth=\"550\" data-tabletportraitwidth=\"666\" data-desktopportraitheight=\"auto\" data-tabletportraitheight=\"301\" data-desktopportraitalign=\"center\" data-tabletportraitalign=\"center\" data-desktopportraitvalign=\"middle\" data-tabletportraitvalign=\"middle\" data-parentid=\"\" data-desktopportraitparentalign=\"center\" data-desktopportraitparentvalign=\"middle\" data-hidemobileportrait=\"1\" data-sstype=\"layer\"><div class=\"n2-ss-item-content n2-ss-text n2-ow-all\"><div class=\"\"><p class=\"n2-font-f2a499d27d49e2e949e22606890131a0-paragraph   \">To nasza kluczowa us\u0142uga, kt\u00f3r\u0105 oferujemy w dowolnym takcie czasowym. Nasza wyszkolona i do\u015bwiadczona dru\u017cyna wyczy\u015bci i wypiel\u0119gnuje Pa\u0144stwa budynki i ich wyposa\u017cenie, pozostawiaj\u0105c obiekt w doskona\u0142ym stanie<\/p>\n<\/div><\/div><\/div><\/div><\/div><\/div><\/div><\/div>                    <\/div>\n\n                                    <\/div>\n            <\/div>\n        <\/div>\n        <\/div><ss3-loader><\/ss3-loader><\/div><\/div><div class=\"n2_clear\"><\/div><\/div><\/ss3-force-full-width><\/div>\n\n\n<p><\/p>\n\n\n\t\t\t<!-- Flexy Breadcrumb -->\r\n\t\t\t<div class=\"fbc fbc-page\">\r\n\r\n\t\t\t\t<!-- Breadcrumb wrapper -->\r\n\t\t\t\t<div class=\"fbc-wrap\">\r\n\r\n\t\t\t\t\t<!-- Ordered list-->\r\n\t\t\t\t\t<ol class=\"fbc-items\" itemscope itemtype=\"https:\/\/schema.org\/BreadcrumbList\">\r\n\t\t\t\t\t\t            <li itemprop=\"itemListElement\" itemscope itemtype=\"https:\/\/schema.org\/ListItem\">\r\n                <span itemprop=\"name\">\r\n                    <!-- Home Link -->\r\n                    <a itemprop=\"item\" href=\"https:\/\/xn--profesjonalne-sprztanie-zvc.pl\">\r\n                    \r\n                                                    <i class=\"fa fa-home\" aria-hidden=\"true\"><\/i>Strona g\u0142\u00f3wna                    <\/a>\r\n                <\/span>\r\n                <meta itemprop=\"position\" content=\"1\" \/><!-- Meta Position-->\r\n             <\/li><li><span class=\"fbc-separator\">\/<\/span><\/li><li class=\"active\" itemprop=\"itemListElement\" itemscope itemtype=\"https:\/\/schema.org\/ListItem\"><span itemprop=\"name\" title=\"Czyszczenie regularne\">Czyszczenie regularne<\/span><meta itemprop=\"position\" content=\"2\" \/><\/li>\t\t\t\t\t<\/ol>\r\n\t\t\t\t\t<div class=\"clearfix\"><\/div>\r\n\t\t\t\t<\/div>\r\n\t\t\t<\/div>\r\n\t\t\t\n<\/p>\n\n\n<div class=\"wp-block-group alignfull has-white-background-color has-background\"><div class=\"wp-block-group__inner-container is-layout-flow wp-block-group-is-layout-flow\">\n<div class=\"wp-block-columns alignwide are-vertically-aligned-center is-layout-flex wp-container-core-columns-is-layout-9d6595d7 wp-block-columns-is-layout-flex\">\n<div class=\"wp-block-column is-layout-flow wp-block-column-is-layout-flow\"><\/div>\n<\/div>\n\n\n\n<div class=\"wp-block-columns alignwide is-layout-flex wp-container-core-columns-is-layout-9d6595d7 wp-block-columns-is-layout-flex\">\n<div class=\"wp-block-column is-layout-flow wp-block-column-is-layout-flow\" style=\"flex-basis:80%\">\n<p class=\"has-text-color\" style=\"color:#000000;font-size:45px;font-style:normal;font-weight:300\">Czy prywatne, czy komercyjne \u2013 troszczymy si\u0119 o wszystkie Pa\u0144stwa potrzeby<\/p>\n<\/div>\n\n\n\n<div class=\"wp-block-column is-layout-flow wp-block-column-is-layout-flow\"><\/div>\n<\/div>\n\n\n\n<div style=\"height:40px\" aria-hidden=\"true\" class=\"wp-block-spacer\"><\/div>\n<\/div><\/div>\n\n\n\n<div class=\"wp-block-columns alignwide is-layout-flex wp-container-core-columns-is-layout-9d6595d7 wp-block-columns-is-layout-flex\">\n<div class=\"wp-block-column is-layout-flow wp-block-column-is-layout-flow\" style=\"font-size:67px;flex-basis:25%\">\n<p class=\"has-text-color\" style=\"color:#000000;font-size:16px\">Czyszczenie biur<\/p>\n\n\n\n<p class=\"has-text-color\" style=\"color:#000000;font-size:16px\">Po\u017cegnaj kurz i nie\u0142ad w swoim biurze. Utrzymamy je w czysto\u015bci i higienie a stanie si\u0119 ono miejscem, w kt\u00f3rym ch\u0119tnie b\u0119dziesz pracowa\u0107. Naturalnie, dopasujemy si\u0119 do Twoich godzin pracy.<br><\/p>\n\n\n\n<p class=\"has-text-color\" style=\"color:#000000;font-size:16px\"><a href=\"mailto:biuro@profesj\">Zapytanie<\/a>\u00a0<\/p>\n<\/div>\n\n\n\n<div class=\"wp-block-column is-layout-flow wp-block-column-is-layout-flow\" style=\"flex-basis:25%\">\n<p style=\"font-size:16px\">Mieszkanie i dom<\/p>\n\n\n\n<p style=\"font-size:16px\">Z dba\u0142o\u015bci\u0105 zapewnimy b\u0142ysk w kuchni, \u0142azience i toalecie, a Pa\u0144stwo wr\u00f3c\u0105 do czystych i od\u015bwie\u017conych pomieszcze\u0144. Oboj\u0119tnie czy ciasne k\u0105ty, trudne zabrudzenia czy og\u00f3lnie \u2013 porz\u0105dek<br><\/p>\n\n\n\n<p style=\"font-size:16px\"><a href=\"mailto:biuro@\">Zapytanie<\/a><\/p>\n<\/div>\n\n\n\n<div class=\"wp-block-column is-layout-flow wp-block-column-is-layout-flow\" style=\"flex-basis:25%\">\n<p style=\"font-size:16px\">Obiekty komercyjne<\/p>\n\n\n\n<p style=\"font-size:16px\">Punktualnie, z wysok\u0105 precyzj\u0105, dba\u0142o\u015bci\u0105 wyczy\u015bcimy ka\u017cdy pok\u00f3j na b\u0142ysk. Nasz wykwalifikowany personel jest zawsze zaanga\u017cowany i bezkompromisowy, je\u015bli chodzi o wysokie standardy czysto\u015bci.<br><br><a href=\"mailto:biuro@\">Zapytanie<\/a><\/p>\n<\/div>\n\n\n\n<div class=\"wp-block-column is-layout-flow wp-block-column-is-layout-flow\" style=\"flex-basis:25%\">\n<p style=\"font-size:16px\">Gabinety lekarskie<\/p>\n\n\n\n<p style=\"font-size:16px\">Zapewnijcie Pa\u0144stwo czyste i bezpieczne otoczenie dla swoich pacjent\u00f3w. Gwarantujemy odpowiednie standardy higieniczne w ka\u017cdym zak\u0105tku Pa\u0144stwa gabinetu, od poczekalni a\u017c po recepcj\u0119, dbaj\u0105c o wszelkie standardy.<br><br><a href=\"mailto:biuro@\">Zapytanie<\/a><\/p>\n<\/div>\n<\/div>\n","protected":false},"excerpt":{"rendered":"<p>Czy prywatne, czy komercyjne \u2013 troszczymy si\u0119 o wszystkie Pa\u0144stwa potrzeby Czyszczenie biur Po\u017cegnaj kurz i nie\u0142ad w swoim biurze. Utrzymamy je w czysto\u015bci i higienie a stanie si\u0119 ono miejscem, w kt\u00f3rym ch\u0119tnie b\u0119dziesz pracowa\u0107. Naturalnie, dopasujemy si\u0119 do Twoich godzin pracy. Zapytanie\u00a0 Mieszkanie i dom Z dba\u0142o\u015bci\u0105 zapewnimy b\u0142ysk w kuchni, \u0142azience i [&hellip;]<\/p>\n","protected":false},"author":1,"featured_media":0,"parent":0,"menu_order":0,"comment_status":"closed","ping_status":"closed","template":"fullwidth-page.php","meta":{"advanced_seo_description":"To nasza kluczowa us\u0142uga, kt\u00f3r\u0105 oferujemy w dowolnym takcie czasowym. Nasza wyszkolona i do\u015bwiadczona dru\u017cyna wyczy\u015bci i wypiel\u0119gnuje Pa\u0144stwa budynki i ich wyposa\u017cenie, pozostawiaj\u0105c obiekt w doskona\u0142ym stanie","jetpack_seo_html_title":"Czyszczenie regularne","jetpack_seo_noindex":false,"footnotes":""},"class_list":["post-116","page","type-page","status-publish","hentry"],"jetpack_sharing_enabled":true,"_links":{"self":[{"href":"https:\/\/xn--profesjonalne-sprztanie-zvc.pl\/index.php\/wp-json\/wp\/v2\/pages\/116","targetHints":{"allow":["GET"]}}],"collection":[{"href":"https:\/\/xn--profesjonalne-sprztanie-zvc.pl\/index.php\/wp-json\/wp\/v2\/pages"}],"about":[{"href":"https:\/\/xn--profesjonalne-sprztanie-zvc.pl\/index.php\/wp-json\/wp\/v2\/types\/page"}],"author":[{"embeddable":true,"href":"https:\/\/xn--profesjonalne-sprztanie-zvc.pl\/index.php\/wp-json\/wp\/v2\/users\/1"}],"replies":[{"embeddable":true,"href":"https:\/\/xn--profesjonalne-sprztanie-zvc.pl\/index.php\/wp-json\/wp\/v2\/comments?post=116"}],"version-history":[{"count":293,"href":"https:\/\/xn--profesjonalne-sprztanie-zvc.pl\/index.php\/wp-json\/wp\/v2\/pages\/116\/revisions"}],"predecessor-version":[{"id":799,"href":"https:\/\/xn--profesjonalne-sprztanie-zvc.pl\/index.php\/wp-json\/wp\/v2\/pages\/116\/revisions\/799"}],"wp:attachment":[{"href":"https:\/\/xn--profesjonalne-sprztanie-zvc.pl\/index.php\/wp-json\/wp\/v2\/media?parent=116"}],"curies":[{"name":"wp","href":"https:\/\/api.w.org\/{rel}","templated":true}]}}